{"id":637,"date":"2021-08-07T10:49:24","date_gmt":"2021-08-07T10:49:24","guid":{"rendered":"https:\/\/preview.treethemes.com\/quercus\/demo1\/?page_id=637"},"modified":"2024-12-10T14:16:55","modified_gmt":"2024-12-10T13:16:55","slug":"contact","status":"publish","type":"page","link":"https:\/\/www.archi-metal.com\/index.php\/contact\/","title":{"rendered":"Contacts"},"content":{"rendered":"<div class=\"wpb-content-wrapper\"><p>[vc_row css=\u00a0\u00bb.vc_custom_1498304468490{margin-top: 120px !important;}\u00a0\u00bb][vc_column][vc_custom_heading text=\u00a0\u00bbCONTACT ET DEVIS\u00a0\u00bb font_container=\u00a0\u00bbtag:h2|font_size:40px|text_align:center\u00a0\u00bb use_theme_fonts=\u00a0\u00bbyes\u00a0\u00bb css=\u00a0\u00bb\u00a0\u00bb][vc_empty_space height=\u00a0\u00bb20px\u00a0\u00bb]<div id=\"ultimate-heading-68969f2f4e74f33d\" class=\"uvc-heading ult-adjust-bottom-margin ultimate-heading-68969f2f4e74f33d uvc-3852 \" data-hspacer=\"line_only\"  data-halign=\"center\" style=\"text-align:center\"><div class=\"uvc-heading-spacer line_only\" style=\"margin-bottom:40px;height:2px;\"><span class=\"uvc-headings-line\" style=\"border-style:solid;border-bottom-width:2px;border-color:#212121;width:80px;\"><\/span><\/div><\/div>[vc_row_inner][vc_column_inner][vc_custom_heading text=\u00a0\u00bbParlez-nous de votre projet et contactez-nous\u00a0\u00bb font_container=\u00a0\u00bbtag:h4|text_align:center\u00a0\u00bb use_theme_fonts=\u00a0\u00bbyes\u00a0\u00bb css=\u00a0\u00bb\u00a0\u00bb el_class=\u00a0\u00bbno-letter-spacing\u00a0\u00bb][vc_custom_heading text=\u00a0\u00bbAfin de r\u00e9pondre \u00e0 votre demande. Merci de remplir ce formulaire pour toutes demandes.<br \/>\nNous vous r\u00e9pondrons sous 24 heures.\u00a0\u00bb font_container=\u00a0\u00bbtag:h5|text_align:center\u00a0\u00bb use_theme_fonts=\u00a0\u00bbyes\u00a0\u00bb css=\u00a0\u00bb\u00a0\u00bb el_class=\u00a0\u00bbno-letter-spacing\u00a0\u00bb][vc_empty_space height=\u00a0\u00bb40px\u00a0\u00bb]\n<div class=\"wpcf7 no-js\" id=\"wpcf7-f121-o1\" lang=\"en-US\" dir=\"ltr\">\n<div class=\"screen-reader-response\"><p role=\"status\" aria-live=\"polite\" aria-atomic=\"true\"><\/p> <ul><\/ul><\/div>\n<form action=\"\/index.php\/wp-json\/wp\/v2\/pages\/637#wpcf7-f121-o1\" method=\"post\" class=\"wpcf7-form init\" aria-label=\"Contact form\" novalidate=\"novalidate\" data-status=\"init\">\n<div style=\"display: none;\">\n<input type=\"hidden\" name=\"_wpcf7\" value=\"121\" \/>\n<input type=\"hidden\" name=\"_wpcf7_version\" value=\"5.9.8\" \/>\n<input type=\"hidden\" name=\"_wpcf7_locale\" value=\"en_US\" \/>\n<input type=\"hidden\" name=\"_wpcf7_unit_tag\" value=\"wpcf7-f121-o1\" \/>\n<input type=\"hidden\" name=\"_wpcf7_container_post\" value=\"0\" \/>\n<input type=\"hidden\" name=\"_wpcf7_posted_data_hash\" value=\"\" \/>\n<input type=\"hidden\" name=\"_wpcf7_recaptcha_response\" value=\"\" \/>\n<\/div>\n<div class=\"quercus-form-simple-wide\">\n\t<div class=\"f-name\">\n\t\t<p><span class=\"wpcf7-form-control-wrap\" data-name=\"your-name\"><input size=\"40\" maxlength=\"400\" class=\"wpcf7-form-control wpcf7-text wpcf7-validates-as-required\" aria-required=\"true\" aria-invalid=\"false\" placeholder=\"Nom *\" value=\"\" type=\"text\" name=\"your-name\" \/><\/span>\n\t\t<\/p>\n\t<\/div>\n\t<div class=\"f-email\">\n\t\t<p><span class=\"wpcf7-form-control-wrap\" data-name=\"your-email\"><input size=\"40\" maxlength=\"400\" class=\"wpcf7-form-control wpcf7-email wpcf7-validates-as-required wpcf7-text wpcf7-validates-as-email\" aria-required=\"true\" aria-invalid=\"false\" placeholder=\"Email *\" value=\"\" type=\"email\" name=\"your-email\" \/><\/span>\n\t\t<\/p>\n\t<\/div>\n\t<div class=\"f-subject\">\n\t\t<p><span class=\"wpcf7-form-control-wrap\" data-name=\"tel\"><input size=\"40\" maxlength=\"400\" class=\"wpcf7-form-control wpcf7-tel wpcf7-validates-as-required wpcf7-text wpcf7-validates-as-tel\" aria-required=\"true\" aria-invalid=\"false\" placeholder=\"T\u00e9l *\" value=\"\" type=\"tel\" name=\"tel\" \/><\/span>\n\t\t<\/p>\n\t<\/div>\n\t<div class=\"f-checkbox\">\n\t\t<p><span class=\"wpcf7-form-control-wrap\" data-name=\"sujet\"><span class=\"wpcf7-form-control wpcf7-checkbox wpcf7-validates-as-required wpcf7-exclusive-checkbox checkbox\"><span class=\"wpcf7-list-item first\"><label><input type=\"checkbox\" name=\"sujet\" value=\"Devis\" \/><span class=\"wpcf7-list-item-label\">Devis<\/span><\/label><\/span><span class=\"wpcf7-list-item last\"><label><input type=\"checkbox\" name=\"sujet\" value=\"Autres Demandes\" \/><span class=\"wpcf7-list-item-label\">Autres Demandes<\/span><\/label><\/span><\/span><\/span>\n\t\t<\/p>\n\t<\/div>\n\t<div class=\"f-message\">\n\t\t<p><span class=\"wpcf7-form-control-wrap\" data-name=\"your-message\"><textarea cols=\"40\" rows=\"10\" maxlength=\"2000\" class=\"wpcf7-form-control wpcf7-textarea wpcf7-validates-as-required\" aria-required=\"true\" aria-invalid=\"false\" placeholder=\"Votre Message *\" name=\"your-message\"><\/textarea><\/span>\n\t\t<\/p>\n\t<\/div>\n\t<div class=\"f-message\">\n\t\t<p><span id=\"wpcf7-69f2f4e751f47-wrapper\" class=\"wpcf7-form-control-wrap e-mail-wrap\" style=\"display:none !important; visibility:hidden !important;\"><label for=\"wpcf7-69f2f4e751f47-field\" class=\"hp-message\">Please leave this field empty.<\/label><input id=\"wpcf7-69f2f4e751f47-field\"  placeholder=\"e-mail\"  class=\"wpcf7-form-control wpcf7-text\" type=\"text\" name=\"e-mail\" value=\"\" size=\"40\" tabindex=\"-1\" autocomplete=\"new-password\" \/><\/span>\n\t\t<\/p>\n\t<\/div>\n\t<div class=\"bt-contact\">\n\t\t<p><a class=\"des-button-dark des-button-dark-1 des-button-dark-1d orange-archimetal\"  href=\"\"><span><input class=\"wpcf7-form-control wpcf7-submit has-spinner\" type=\"submit\" value=\"ENVOYER MA DEMANDE\" \/><\/span><\/a>\n\t\t<\/p>\n\t<\/div>\n<\/div><div class=\"wpcf7-response-output\" aria-hidden=\"true\"><\/div>\n<\/form>\n<\/div>\n[\/vc_column_inner][\/vc_row_inner][\/vc_column][\/vc_row][vc_row bg_type=\u00a0\u00bbbg_color\u00a0\u00bb bg_override=\u00a0\u00bbex-full\u00a0\u00bb css=\u00a0\u00bb.vc_custom_1728917116937{padding-top: 120px !important;}\u00a0\u00bb bg_color_value=\u00a0\u00bb#d95f47&Prime;][vc_column css=\u00a0\u00bb.vc_custom_1728918085949{background-color: #d95f47 !important;}\u00a0\u00bb][vc_row_inner][vc_column_inner width=\u00a0\u00bb1\/3&Prime; css=\u00a0\u00bb.vc_custom_1499531891450{padding-right: 40px !important;padding-left: 40px !important;}\u00a0\u00bb]<div class=\"aio-icon-component    style_1\"><div id=\"Info-box-wrap-7480\" class=\"aio-icon-box top-icon\" style=\"\"  ><div class=\"aio-icon-top\"><div class=\"ult-just-icon-wrapper  \"><div class=\"align-icon\" style=\"text-align:center;\">\n<div class=\"aio-icon none \"  style=\"color:#ffffff;font-size:25px;display:inline-block;\">\n\t<i class=\"linearicons-telephone\"><\/i>\n<\/div><\/div><\/div><\/div><div class=\"aio-icon-header\" ><h3 class=\"aio-icon-title ult-responsive\"  data-ultimate-target='#Info-box-wrap-7480 .aio-icon-title'  data-responsive-json-new='{\"font-size\":\"desktop:12px;\",\"line-height\":\"\"}'  style=\"font-family:&#039;Lato&#039;;font-weight:900;color:#ffffff;\">CONTACTEZ-NOUS<\/h3><\/div> <!-- header --><div class=\"aio-icon-description ult-responsive\"  data-ultimate-target='#Info-box-wrap-7480 .aio-icon-description'  data-responsive-json-new='{\"font-size\":\"\",\"line-height\":\"\"}'  style=\"color:#ffffff;\">+ 33 (0) 1 86 04 51 49<\/div> <!-- description --><\/div> <!-- aio-icon-box --><\/div> <!-- aio-icon-component --><div class=\"ult-spacer spacer-69f2f4e752a1a\" data-id=\"69f2f4e752a1a\" data-height=\"0\" data-height-mobile=\"40\" data-height-tab=\"\" data-height-tab-portrait=\"\" data-height-mobile-landscape=\"40\" style=\"clear:both;display:block;\"><\/div>[\/vc_column_inner][vc_column_inner width=\u00a0\u00bb1\/3&Prime; css=\u00a0\u00bb.vc_custom_1499531898617{padding-right: 40px !important;padding-left: 40px !important;}\u00a0\u00bb]<div class=\"aio-icon-component    style_1\"><div id=\"Info-box-wrap-3499\" class=\"aio-icon-box top-icon\" style=\"\"  ><div class=\"aio-icon-top\"><div class=\"ult-just-icon-wrapper  \"><div class=\"align-icon\" style=\"text-align:center;\">\n<div class=\"aio-icon none \"  style=\"color:#ffffff;font-size:25px;display:inline-block;\">\n\t<i class=\"linearicons-map\"><\/i>\n<\/div><\/div><\/div><\/div><div class=\"aio-icon-header\" ><h3 class=\"aio-icon-title ult-responsive\"  data-ultimate-target='#Info-box-wrap-3499 .aio-icon-title'  data-responsive-json-new='{\"font-size\":\"desktop:12px;\",\"line-height\":\"\"}'  style=\"font-family:&#039;Lato&#039;;font-weight:900;color:#ffffff;\">NOTRE ADRESSE<\/h3><\/div> <!-- header --><div class=\"aio-icon-description ult-responsive\"  data-ultimate-target='#Info-box-wrap-3499 .aio-icon-description'  data-responsive-json-new='{\"font-size\":\"\",\"line-height\":\"\"}'  style=\"color:#ffffff;\">49 \/ 51 rue de Ponthieu 75008 Paris<\/div> <!-- description --><\/div> <!-- aio-icon-box --><\/div> <!-- aio-icon-component --><div class=\"ult-spacer spacer-69f2f4e752aa6\" data-id=\"69f2f4e752aa6\" data-height=\"0\" data-height-mobile=\"40\" data-height-tab=\"\" data-height-tab-portrait=\"\" data-height-mobile-landscape=\"40\" style=\"clear:both;display:block;\"><\/div>[\/vc_column_inner][vc_column_inner width=\u00a0\u00bb1\/3&Prime; css=\u00a0\u00bb.vc_custom_1499531904953{padding-right: 40px !important;padding-left: 40px !important;}\u00a0\u00bb]<div class=\"aio-icon-component    style_1\"><div id=\"Info-box-wrap-1347\" class=\"aio-icon-box top-icon\" style=\"\"  ><div class=\"aio-icon-top\"><div class=\"ult-just-icon-wrapper  \"><div class=\"align-icon\" style=\"text-align:center;\">\n<div class=\"aio-icon none \"  style=\"color:#ffffff;font-size:25px;display:inline-block;\">\n\t<i class=\"linearicons-at-sign\"><\/i>\n<\/div><\/div><\/div><\/div><div class=\"aio-icon-header\" ><h3 class=\"aio-icon-title ult-responsive\"  data-ultimate-target='#Info-box-wrap-1347 .aio-icon-title'  data-responsive-json-new='{\"font-size\":\"desktop:12px;\",\"line-height\":\"\"}'  style=\"font-family:&#039;Lato&#039;;font-weight:900;color:#ffffff;\">NOTRE ADRESSE MAIL<\/h3><\/div> <!-- header --><div class=\"aio-icon-description ult-responsive\"  data-ultimate-target='#Info-box-wrap-1347 .aio-icon-description'  data-responsive-json-new='{\"font-size\":\"\",\"line-height\":\"\"}'  style=\"color:#ffffff;\">contact@archi-metal.com<\/div> <!-- description --><\/div> <!-- aio-icon-box --><\/div> <!-- aio-icon-component -->[\/vc_column_inner][\/vc_row_inner][vc_empty_space height=\u00a0\u00bb60px\u00a0\u00bb][\/vc_column][\/vc_row]<\/p>\n<\/div>","protected":false},"excerpt":{"rendered":"<p>[vc_row css=\u00a0\u00bb.vc_custom_1498304468490{margin-top: 120px !important;}\u00a0\u00bb][vc_column][vc_custom_heading text=\u00a0\u00bbCONTACT ET DEVIS\u00a0\u00bb font_container=\u00a0\u00bbtag:h2|font_size:40px|text_align:center\u00a0\u00bb use_theme_fonts=\u00a0\u00bbyes\u00a0\u00bb css=\u00a0\u00bb\u00a0\u00bb][vc_empty_space height=\u00a0\u00bb20px\u00a0\u00bb][vc_row_inner][vc_column_inner][vc_custom_heading text=\u00a0\u00bbParlez-nous de votre projet et contactez-nous\u00a0\u00bb font_container=\u00a0\u00bbtag:h4|text_align:center\u00a0\u00bb use_theme_fonts=\u00a0\u00bbyes\u00a0\u00bb css=\u00a0\u00bb\u00a0\u00bb el_class=\u00a0\u00bbno-letter-spacing\u00a0\u00bb][vc_custom_heading text=\u00a0\u00bbAfin de r\u00e9pondre \u00e0 votre demande. Merci de remplir ce formulaire pour toutes demandes. Nous vous r\u00e9pondrons sous 24 heures.\u00a0\u00bb font_container=\u00a0\u00bbtag:h5|text_align:center\u00a0\u00bb use_theme_fonts=\u00a0\u00bbyes\u00a0\u00bb css=\u00a0\u00bb\u00a0\u00bb el_class=\u00a0\u00bbno-letter-spacing\u00a0\u00bb][vc_empty_space height=\u00a0\u00bb40px\u00a0\u00bb][\/vc_column_inner][\/vc_row_inner][\/vc_column][\/vc_row][vc_row bg_type=\u00a0\u00bbbg_color\u00a0\u00bb bg_override=\u00a0\u00bbex-full\u00a0\u00bb css=\u00a0\u00bb.vc_custom_1728917116937{padding-top: 120px !important;}\u00a0\u00bb bg_color_value=\u00a0\u00bb#d95f47&Prime;][vc_column css=\u00a0\u00bb.vc_custom_1728918085949{background-color: #d95f47 !important;}\u00a0\u00bb][vc_row_inner][vc_column_inner [&hellip;]<\/p>\n","protected":false},"author":1,"featured_media":0,"parent":0,"menu_order":0,"comment_status":"closed","ping_status":"closed","template":"one-page-template.php","meta":{"_monsterinsights_skip_tracking":false,"_monsterinsights_sitenote_active":false,"_monsterinsights_sitenote_note":"","_monsterinsights_sitenote_category":0,"footnotes":""},"class_list":["post-637","page","type-page","status-publish","hentry"],"yoast_head":"<!-- This site is optimized with the Yoast SEO plugin v23.0 - https:\/\/yoast.com\/wordpress\/plugins\/seo\/ -->\n<title>Contacts - Archi-metal<\/title>\n<meta name=\"description\" content=\"Contactez nous si vous avez le moindre questions ou demande de projet dans la communication de votre entreprise, signal\u00e9tique ou enseigne\" \/>\n<meta name=\"robots\" content=\"index, follow, max-snippet:-1, max-image-preview:large, max-video-preview:-1\" \/>\n<link rel=\"canonical\" href=\"https:\/\/www.archi-metal.com\/index.php\/contact\/\" \/>\n<meta property=\"og:locale\" content=\"fr_FR\" \/>\n<meta property=\"og:type\" content=\"article\" \/>\n<meta property=\"og:title\" content=\"Contacts - Archi-metal\" \/>\n<meta property=\"og:description\" content=\"Contactez nous si vous avez le moindre questions ou demande de projet dans la communication de votre entreprise, signal\u00e9tique ou enseigne\" \/>\n<meta property=\"og:url\" content=\"https:\/\/www.archi-metal.com\/index.php\/contact\/\" \/>\n<meta property=\"og:site_name\" content=\"Archi-metal\" \/>\n<meta property=\"article:modified_time\" content=\"2024-12-10T13:16:55+00:00\" \/>\n<meta name=\"twitter:card\" content=\"summary_large_image\" \/>\n<meta name=\"twitter:label1\" content=\"Dur\u00e9e de lecture estim\u00e9e\" \/>\n\t<meta name=\"twitter:data1\" content=\"1 minute\" \/>\n<script type=\"application\/ld+json\" class=\"yoast-schema-graph\">{\"@context\":\"https:\/\/schema.org\",\"@graph\":[{\"@type\":\"WebPage\",\"@id\":\"https:\/\/www.archi-metal.com\/index.php\/contact\/\",\"url\":\"https:\/\/www.archi-metal.com\/index.php\/contact\/\",\"name\":\"Contacts - Archi-metal\",\"isPartOf\":{\"@id\":\"https:\/\/www.archi-metal.com\/#website\"},\"datePublished\":\"2021-08-07T10:49:24+00:00\",\"dateModified\":\"2024-12-10T13:16:55+00:00\",\"description\":\"Contactez nous si vous avez le moindre questions ou demande de projet dans la communication de votre entreprise, signal\u00e9tique ou enseigne\",\"breadcrumb\":{\"@id\":\"https:\/\/www.archi-metal.com\/index.php\/contact\/#breadcrumb\"},\"inLanguage\":\"fr-FR\",\"potentialAction\":[{\"@type\":\"ReadAction\",\"target\":[\"https:\/\/www.archi-metal.com\/index.php\/contact\/\"]}]},{\"@type\":\"BreadcrumbList\",\"@id\":\"https:\/\/www.archi-metal.com\/index.php\/contact\/#breadcrumb\",\"itemListElement\":[{\"@type\":\"ListItem\",\"position\":1,\"name\":\"Accueil\",\"item\":\"https:\/\/www.archi-metal.com\/\"},{\"@type\":\"ListItem\",\"position\":2,\"name\":\"Contacts\"}]},{\"@type\":\"WebSite\",\"@id\":\"https:\/\/www.archi-metal.com\/#website\",\"url\":\"https:\/\/www.archi-metal.com\/\",\"name\":\"Archi-metal\",\"description\":\"Menuiserie \/ Ferronnerie \/ M\u00e9tallerie \/ Agencement\",\"publisher\":{\"@id\":\"https:\/\/www.archi-metal.com\/#organization\"},\"potentialAction\":[{\"@type\":\"SearchAction\",\"target\":{\"@type\":\"EntryPoint\",\"urlTemplate\":\"https:\/\/www.archi-metal.com\/?s={search_term_string}\"},\"query-input\":\"required name=search_term_string\"}],\"inLanguage\":\"fr-FR\"},{\"@type\":\"Organization\",\"@id\":\"https:\/\/www.archi-metal.com\/#organization\",\"name\":\"Archi-metal\",\"url\":\"https:\/\/www.archi-metal.com\/\",\"logo\":{\"@type\":\"ImageObject\",\"inLanguage\":\"fr-FR\",\"@id\":\"https:\/\/www.archi-metal.com\/#\/schema\/logo\/image\/\",\"url\":\"https:\/\/www.archi-metal.com\/wp-content\/uploads\/2024\/10\/logo-archimetal-noir.png\",\"contentUrl\":\"https:\/\/www.archi-metal.com\/wp-content\/uploads\/2024\/10\/logo-archimetal-noir.png\",\"width\":500,\"height\":201,\"caption\":\"Archi-metal\"},\"image\":{\"@id\":\"https:\/\/www.archi-metal.com\/#\/schema\/logo\/image\/\"}}]}<\/script>\n<!-- \/ Yoast SEO plugin. -->","yoast_head_json":{"title":"Contacts - Archi-metal","description":"Contactez nous si vous avez le moindre questions ou demande de projet dans la communication de votre entreprise, signal\u00e9tique ou enseigne","robots":{"index":"index","follow":"follow","max-snippet":"max-snippet:-1","max-image-preview":"max-image-preview:large","max-video-preview":"max-video-preview:-1"},"canonical":"https:\/\/www.archi-metal.com\/index.php\/contact\/","og_locale":"fr_FR","og_type":"article","og_title":"Contacts - Archi-metal","og_description":"Contactez nous si vous avez le moindre questions ou demande de projet dans la communication de votre entreprise, signal\u00e9tique ou enseigne","og_url":"https:\/\/www.archi-metal.com\/index.php\/contact\/","og_site_name":"Archi-metal","article_modified_time":"2024-12-10T13:16:55+00:00","twitter_card":"summary_large_image","twitter_misc":{"Dur\u00e9e de lecture estim\u00e9e":"1 minute"},"schema":{"@context":"https:\/\/schema.org","@graph":[{"@type":"WebPage","@id":"https:\/\/www.archi-metal.com\/index.php\/contact\/","url":"https:\/\/www.archi-metal.com\/index.php\/contact\/","name":"Contacts - Archi-metal","isPartOf":{"@id":"https:\/\/www.archi-metal.com\/#website"},"datePublished":"2021-08-07T10:49:24+00:00","dateModified":"2024-12-10T13:16:55+00:00","description":"Contactez nous si vous avez le moindre questions ou demande de projet dans la communication de votre entreprise, signal\u00e9tique ou enseigne","breadcrumb":{"@id":"https:\/\/www.archi-metal.com\/index.php\/contact\/#breadcrumb"},"inLanguage":"fr-FR","potentialAction":[{"@type":"ReadAction","target":["https:\/\/www.archi-metal.com\/index.php\/contact\/"]}]},{"@type":"BreadcrumbList","@id":"https:\/\/www.archi-metal.com\/index.php\/contact\/#breadcrumb","itemListElement":[{"@type":"ListItem","position":1,"name":"Accueil","item":"https:\/\/www.archi-metal.com\/"},{"@type":"ListItem","position":2,"name":"Contacts"}]},{"@type":"WebSite","@id":"https:\/\/www.archi-metal.com\/#website","url":"https:\/\/www.archi-metal.com\/","name":"Archi-metal","description":"Menuiserie \/ Ferronnerie \/ M\u00e9tallerie \/ Agencement","publisher":{"@id":"https:\/\/www.archi-metal.com\/#organization"},"potentialAction":[{"@type":"SearchAction","target":{"@type":"EntryPoint","urlTemplate":"https:\/\/www.archi-metal.com\/?s={search_term_string}"},"query-input":"required name=search_term_string"}],"inLanguage":"fr-FR"},{"@type":"Organization","@id":"https:\/\/www.archi-metal.com\/#organization","name":"Archi-metal","url":"https:\/\/www.archi-metal.com\/","logo":{"@type":"ImageObject","inLanguage":"fr-FR","@id":"https:\/\/www.archi-metal.com\/#\/schema\/logo\/image\/","url":"https:\/\/www.archi-metal.com\/wp-content\/uploads\/2024\/10\/logo-archimetal-noir.png","contentUrl":"https:\/\/www.archi-metal.com\/wp-content\/uploads\/2024\/10\/logo-archimetal-noir.png","width":500,"height":201,"caption":"Archi-metal"},"image":{"@id":"https:\/\/www.archi-metal.com\/#\/schema\/logo\/image\/"}}]}},"_links":{"self":[{"href":"https:\/\/www.archi-metal.com\/index.php\/wp-json\/wp\/v2\/pages\/637","targetHints":{"allow":["GET"]}}],"collection":[{"href":"https:\/\/www.archi-metal.com\/index.php\/wp-json\/wp\/v2\/pages"}],"about":[{"href":"https:\/\/www.archi-metal.com\/index.php\/wp-json\/wp\/v2\/types\/page"}],"author":[{"embeddable":true,"href":"https:\/\/www.archi-metal.com\/index.php\/wp-json\/wp\/v2\/users\/1"}],"replies":[{"embeddable":true,"href":"https:\/\/www.archi-metal.com\/index.php\/wp-json\/wp\/v2\/comments?post=637"}],"version-history":[{"count":30,"href":"https:\/\/www.archi-metal.com\/index.php\/wp-json\/wp\/v2\/pages\/637\/revisions"}],"predecessor-version":[{"id":1191,"href":"https:\/\/www.archi-metal.com\/index.php\/wp-json\/wp\/v2\/pages\/637\/revisions\/1191"}],"wp:attachment":[{"href":"https:\/\/www.archi-metal.com\/index.php\/wp-json\/wp\/v2\/media?parent=637"}],"curies":[{"name":"wp","href":"https:\/\/api.w.org\/{rel}","templated":true}]}}