{"id":1062,"date":"2024-10-14T15:21:57","date_gmt":"2024-10-14T13:21:57","guid":{"rendered":"https:\/\/www.archi-metal.com\/?page_id=1062"},"modified":"2024-10-14T17:46:21","modified_gmt":"2024-10-14T15:46:21","slug":"bureaux","status":"publish","type":"page","link":"https:\/\/www.archi-metal.com\/index.php\/bureaux\/","title":{"rendered":"BUREAUX"},"content":{"rendered":"<div class=\"wpb-content-wrapper\"><p>[vc_row css=\u00a0\u00bb.vc_custom_1499011169940{margin-top: 120px !important;margin-bottom: 60px !important;}\u00a0\u00bb el_id=\u00a0\u00bbabout\u00a0\u00bb][vc_column][vc_custom_heading text=\u00a0\u00bb\u00a0\u00bb font_container=\u00a0\u00bbtag:h6|text_align:center|color:%23c1c1c1&Prime; use_theme_fonts=\u00a0\u00bbyes\u00a0\u00bb css=\u00a0\u00bb\u00a0\u00bb][vc_custom_heading text=\u00a0\u00bbBUREAUX\u00a0\u00bb font_container=\u00a0\u00bbtag:h2|font_size:40px|text_align:center\u00a0\u00bb use_theme_fonts=\u00a0\u00bbyes\u00a0\u00bb css=\u00a0\u00bb\u00a0\u00bb][vc_empty_space height=\u00a0\u00bb20px\u00a0\u00bb]<div id=\"ultimate-heading-740969dfdf85755df\" class=\"uvc-heading ult-adjust-bottom-margin ultimate-heading-740969dfdf85755df uvc-5080 \" data-hspacer=\"line_only\"  data-halign=\"center\" style=\"text-align:center\"><div class=\"uvc-heading-spacer line_only\" style=\"margin-bottom:40px;height:2px;\"><span class=\"uvc-headings-line\" style=\"border-style:solid;border-bottom-width:2px;border-color:#212121;width:80px;\"><\/span><\/div><\/div>[vc_empty_space height=\u00a0\u00bb20px\u00a0\u00bb][vc_row_inner][vc_column_inner width=\u00a0\u00bb1\/6&Prime;][\/vc_column_inner][vc_column_inner width=\u00a0\u00bb2\/3&Prime;][vc_column_text css=\u00a0\u00bb\u00a0\u00bb el_class=\u00a0\u00bbtext\u00a0\u00bb]<\/p>\n<h5>Notre entreprise, sp\u00e9cialis\u00e9e en menuiserie, m\u00e9tallerie et ferronnerie, propose des solutions sur mesure pour l\u2019am\u00e9nagement d\u2019espaces de bureaux et de coworking. Nous intervenons sur tous types de projets, notamment la cr\u00e9ation de cloisons vitr\u00e9es, verri\u00e8res, baies vitr\u00e9es avec structures m\u00e9talliques, v\u00e9randas, sas, mezzanines, structures IPN et cloisons amovibles vitr\u00e9es.<\/h5>\n<h5>Nous r\u00e9alisons \u00e9galement des am\u00e9nagements sp\u00e9cifiques comme des garde-corps, des comptoirs personnalis\u00e9s, des fa\u00e7ades de magasins ou encore des solutions de rangement optimis\u00e9es pour des espaces professionnels. Nous sommes en mesure d\u2019adapter chaque projet selon les besoins sp\u00e9cifiques et le cahier des charges de nos clients.<\/h5>\n<h5>Chaque projet \u00e9tant unique, nous veillons \u00e0 fournir un accompagnement sur mesure, garantissant des solutions fonctionnelles et esth\u00e9tiques, tout en respectant les d\u00e9lais et le budget allou\u00e9s.<\/h5>\n<h5>N&rsquo;h\u00e9sitez pas \u00e0 nous consulter pour transformer vos espaces de travail en environnements modernes et adapt\u00e9s \u00e0 vos besoins.<\/h5>\n<p>[\/vc_column_text][\/vc_column_inner][vc_column_inner width=\u00a0\u00bb1\/6&Prime;][\/vc_column_inner][\/vc_row_inner][vc_empty_space height=\u00a0\u00bb40px\u00a0\u00bb][vc_btn title=\u00a0\u00bbVOIR TOUT NOS PROJETS\u00a0\u00bb style=\u00a0\u00bboutline-custom\u00a0\u00bb outline_custom_color=\u00a0\u00bb#b5b5b5&Prime; outline_custom_hover_background=\u00a0\u00bb#212121&Prime; outline_custom_hover_text=\u00a0\u00bb#ffffff\u00a0\u00bb shape=\u00a0\u00bbround\u00a0\u00bb size=\u00a0\u00bbxs\u00a0\u00bb align=\u00a0\u00bbcenter\u00a0\u00bb css=\u00a0\u00bb\u00a0\u00bb][\/vc_column][\/vc_row][vc_row full_width=\u00a0\u00bbstretch_row_content_no_spaces\u00a0\u00bb][vc_column]<style type='text\/css'>#cbpw-wrap78 {margin:0px 0px 0px 0px;}#cbpw-grid78 .cbp-l-caption-title {color:#fff;background-color:transparent;font-size:16px;font-family:Mulish;font-weight:800;font-style:normal;line-height:16px;text-align:left;padding:10px 0px 0px 10px;margin:0px 0px 0px 0px;text-transform:capitalize;}#cbpw-grid78 .cbp-l-caption-desc {color:#ababab;background-color:transparent;font-size:13px;font-family:Mulish;font-weight:400;font-style:normal;line-height:16px;text-align:left;padding:0px 0px 0px 10px;margin:5px 0px 0px 0px;text-transform:none;}#cbpw-grid78 .cbp-caption-activeWrap {background-color:#101010;}#cbpw-loadMore78 .cbp-l-loadMore-link {color:#212121;background-color:transparent;border-width:2px 2px 2px 2px;border-style:solid;border-color:#303030;font-size:12px;font-family:Montserrat,sans-serif;font-weight:600;font-style:normal;line-height:34px;text-align:center;padding:0px 30px 0px 30px;margin:40px 0px 0px 0px;text-transform:none;}#cbpw-loadMore78 .cbp-l-loadMore-link:hover {color:#212121;background-color:transparent;border-width:2px 2px 2px 2px;border-style:solid;border-color:#303030;font-size:12px;font-family:Montserrat,sans-serif;font-weight:600;font-style:normal;line-height:34px;text-align:center;padding:0px 30px 0px 30px;margin:40px 0px 0px 0px;text-transform:none;}#cbpw-loadMore78 .cbp-l-loadMore-loading {color:#212121;background-color:transparent;border-width:2px 2px 2px 2px;border-style:solid;border-color:#303030;font-size:12px;font-family:Montserrat,sans-serif;font-weight:600;font-style:normal;line-height:34px;text-align:center;padding:0px 30px 0px 30px;margin:40px 0px 0px 0px;text-transform:none;}#cbpw-loadMore78 .cbp-l-loadMore-loading:hover {color:#212121;background-color:transparent;border-width:2px 2px 2px 2px;border-style:solid;border-color:#303030;font-size:12px;font-family:Montserrat,sans-serif;font-weight:600;font-style:normal;line-height:34px;text-align:center;padding:0px 30px 0px 30px;margin:40px 0px 0px 0px;text-transform:none;}#cbpw-loadMore78 .cbp-l-loadMore-stop {color:#B0B0B0;background-color:transparent;border-width:1px 1px 1px 1px;border-style:solid;border-color:#DEDEDE;font-size:12px;font-family:Montserrat,sans-serif;font-weight:600;font-style:normal;line-height:34px;text-align:center;padding:0px 30px 0px 30px;margin:40px 0px 0px 0px;text-transform:none;}#cbpw-loadMore78 .cbp-l-loadMore-stop:hover {color:#B0B0B0;background-color:transparent;border-width:1px 1px 1px 1px;border-style:solid;border-color:#DEDEDE;font-size:12px;font-family:Montserrat,sans-serif;font-weight:600;font-style:normal;line-height:34px;text-align:center;padding:0px 30px 0px 30px;margin:40px 0px 0px 0px;text-transform:none;}#cbpw-singlePage78 .cbp-popup-navigation-wrap {background-color:#34425C;}#cbpw-singlePage78 .cbp-popup-singlePage-counter {color:#bbc0df;font-size:13px;font-family:Open Sans;font-weight:400;font-style:normal;}<\/style><link rel=\"stylesheet\" href=\"\/\/fonts.googleapis.com\/css?family=Montserrat:600normal\" type=\"text\/css\" media=\"all\" property=\"stylesheet\"><link rel=\"stylesheet\" href=\"\/\/fonts.googleapis.com\/css?family=Open+Sans:400normal\" type=\"text\/css\" media=\"all\" property=\"stylesheet\"><div id=\"cbpw-wrap78\"><div id=\"cbpw-grid78\" class=\"cbp-l-grid-gallery cbp\"><div><div class=\"cbp-item des-project slider cbp-ratio-even\" data-cbp-coverratio=\"4:3\"><a href=\"\/\/lesenseignesparisiennes.com\/wp-content\/uploads\/2024\/08\/ENSEIGNE-LUMINEUSE-RETRO-SIGN.jpg\" class=\"cbp-caption cbp-lightbox\" data-title=\"ENSEIGNE LUMINEUSE RETRO SIGN\" style=\"\"><div class=\"cbp-caption-defaultWrap\"><img decoding=\"async\" src=\"\/\/lesenseignesparisiennes.com\/wp-content\/uploads\/2024\/08\/ENSEIGNE-LUMINEUSE-RETRO-SIGN.jpg\" alt=\"ENSEIGNE LUMINEUSE RETRO SIGN\"><\/div><div class=\"cbp-caption-activeWrap\"><div class=\"cbp-l-caption-alignLeft\"><div class=\"cbp-l-caption-body\"><div class=\"cbp-l-caption-title\">ENSEIGNE LUMINEUSE RETRO SIGN<\/div><\/div><\/div><\/div><\/a><\/div><div class=\"cbp-item des-project slider cbp-ratio-even\" data-cbp-coverratio=\"4:3\"><a href=\"\/\/lesenseignesparisiennes.com\/wp-content\/uploads\/2024\/08\/ENSEIGNE-RETROECLAIRE.jpg\" class=\"cbp-caption cbp-lightbox\" data-title=\"ENSEIGNE RETROECLAIRE\" style=\"\"><div class=\"cbp-caption-defaultWrap\"><img decoding=\"async\" src=\"\/\/lesenseignesparisiennes.com\/wp-content\/uploads\/2024\/08\/ENSEIGNE-RETROECLAIRE.jpg\" alt=\"ENSEIGNE RETROECLAIRE\"><\/div><div class=\"cbp-caption-activeWrap\"><div class=\"cbp-l-caption-alignLeft\"><div class=\"cbp-l-caption-body\"><div class=\"cbp-l-caption-title\">ENSEIGNE RETROECLAIRE<\/div><\/div><\/div><\/div><\/a><\/div><div class=\"cbp-item des-project slider cbp-ratio-even\" data-cbp-coverratio=\"4:3\"><a href=\"\/\/lesenseignesparisiennes.com\/wp-content\/uploads\/2024\/08\/ENSEIGNE-RETROECLAIRE-LED.jpg\" class=\"cbp-caption cbp-lightbox\" data-title=\"ENSEIGNE RETROECLAIRE LED\" style=\"\"><div class=\"cbp-caption-defaultWrap\"><img decoding=\"async\" src=\"\/\/lesenseignesparisiennes.com\/wp-content\/uploads\/2024\/08\/ENSEIGNE-RETROECLAIRE-LED.jpg\" alt=\"ENSEIGNE RETROECLAIRE LED\"><\/div><div class=\"cbp-caption-activeWrap\"><div class=\"cbp-l-caption-alignLeft\"><div class=\"cbp-l-caption-body\"><div class=\"cbp-l-caption-title\">ENSEIGNE RETROECLAIRE LED<\/div><\/div><\/div><\/div><\/a><\/div><div class=\"cbp-item des-project gallery cbp-ratio-even\" data-cbp-coverratio=\"4:3\"><a href=\"\/\/lesenseignesparisiennes.com\/wp-content\/uploads\/2024\/08\/balenciaga.jpg\" class=\"cbp-caption cbp-lightbox\" data-title=\"ENSEIGNE LUMINEUSE\" style=\"\"><div class=\"cbp-caption-defaultWrap\"><img decoding=\"async\" src=\"\/\/lesenseignesparisiennes.com\/wp-content\/uploads\/2024\/08\/balenciaga.jpg\" alt=\"ENSEIGNE LUMINEUSE\"><\/div><div class=\"cbp-caption-activeWrap\"><div class=\"cbp-l-caption-alignLeft\"><div class=\"cbp-l-caption-body\"><div class=\"cbp-l-caption-title\">ENSEIGNE LUMINEUSE<\/div><\/div><\/div><\/div><\/a><\/div><div class=\"cbp-item logo cbp-ratio-even\" data-cbp-coverratio=\"4:3\"><a href=\"\/\/lesenseignesparisiennes.com\/wp-content\/uploads\/2024\/08\/ENSEIGNE-LUMINEUSE-LAITON-LED.jpg\" class=\"cbp-caption cbp-lightbox\" data-title=\"ENSEIGNE LUMINEUSE LAITON LED\" style=\"\"><div class=\"cbp-caption-defaultWrap\"><img decoding=\"async\" src=\"\/\/lesenseignesparisiennes.com\/wp-content\/uploads\/2024\/08\/ENSEIGNE-LUMINEUSE-LAITON-LED.jpg\" alt=\"ENSEIGNE LUMINEUSE LAITON LED\"><\/div><div class=\"cbp-caption-activeWrap\"><div class=\"cbp-l-caption-alignLeft\"><div class=\"cbp-l-caption-body\"><div class=\"cbp-l-caption-title\">ENSEIGNE LUMINEUSE LAITON LED<\/div><\/div><\/div><\/div><\/a><\/div><div class=\"cbp-item logo cbp-ratio-even\" data-cbp-coverratio=\"4:3\"><a href=\"\/\/lesenseignesparisiennes.com\/wp-content\/uploads\/2024\/08\/ENSEIGNE-LUMINEUSE.jpg\" class=\"cbp-caption cbp-lightbox\" data-title=\"ENSEIGNE LUMINEUSE\" style=\"\"><div class=\"cbp-caption-defaultWrap\"><img decoding=\"async\" src=\"\/\/lesenseignesparisiennes.com\/wp-content\/uploads\/2024\/08\/ENSEIGNE-LUMINEUSE.jpg\" alt=\"ENSEIGNE LUMINEUSE\"><\/div><div class=\"cbp-caption-activeWrap\"><div class=\"cbp-l-caption-alignLeft\"><div class=\"cbp-l-caption-body\"><div class=\"cbp-l-caption-title\">ENSEIGNE LUMINEUSE<\/div><\/div><\/div><\/div><\/a><\/div><\/div><\/div><\/div><script type=\"text\/javascript\">this.initCubePortfolio =  this.initCubePortfolio || []; this.initCubePortfolio.push({id: 78, options: {\"filters\":\"\",\"loadMore\":\"\",\"loadMoreAction\":\"click\",\"search\":\"\",\"layoutMode\":\"slider\",\"sortToPreventGaps\":false,\"drag\":false,\"auto\":true,\"autoTimeout\":2000,\"autoPauseOnHover\":true,\"showNavigation\":false,\"showPagination\":false,\"rewindNav\":true,\"scrollByPage\":false,\"defaultFilter\":\"*\",\"filterDeeplinking\":false,\"animationType\":\"quicksand\",\"gridAdjustment\":\"responsive\",\"mediaQueries\":[{\"width\":1400,\"cols\":4},{\"width\":1170,\"cols\":4},{\"width\":1024,\"cols\":4},{\"width\":960,\"cols\":4},{\"width\":778,\"cols\":3},{\"width\":640,\"cols\":2},{\"width\":480,\"cols\":1}],\"gapHorizontal\":0,\"gapVertical\":0,\"caption\":\"overlayBottomReveal\",\"displayType\":\"bottomToTop\",\"displayTypeSpeed\":100,\"lightboxDelegate\":\".cbp-lightbox\",\"lightboxGallery\":true,\"lightboxTitleSrc\":\"data-title\",\"lightboxCounter\":\"<div class=\\\"cbp-popup-lightbox-counter\\\">{{current}} of {{total}}<\/div>\",\"singlePageDelegate\":\".cbp-singlePage\",\"singlePageDeeplinking\":true,\"singlePageStickyNavigation\":true,\"singlePageCounter\":\"<div class=\\\"cbp-popup-singlePage-counter\\\">{{current}} of {{total}}<\/div>\",\"singlePageAnimation\":\"middle\",\"singlePageInlineDelegate\":\".cbp-singlePageInline\",\"singlePageInlineDeeplinking\":false,\"singlePageInlinePosition\":\"below\",\"singlePageInlineInFocus\":true,\"plugins\":{},\"cols\":3,\"coverRatio\":\"\",\"displayItemsLoadMore\":3}});<\/script>[\/vc_column][\/vc_row][vc_row bg_type=\u00a0\u00bbimage\u00a0\u00bb parallax_style=\u00a0\u00bbvcpb-vz-jquery\u00a0\u00bb bg_image_new=\u00a0\u00bbid^823|url^https:\/\/lesenseignesparisiennes.com\/wp-content\/uploads\/2024\/06\/WhatsApp-Image-2024-05-30-at-10.52.15-3.jpeg|caption^null|alt^null|title^nike|description^null\u00a0\u00bb bg_override=\u00a0\u00bbex-full\u00a0\u00bb enable_overlay=\u00a0\u00bbenable_overlay_value\u00a0\u00bb overlay_color=\u00a0\u00bbrgba(0,0,0,0.85)\u00a0\u00bb css=\u00a0\u00bb.vc_custom_1717670535264{padding-top: 120px !important;padding-bottom: 120px !important;}\u00a0\u00bb][vc_column width=\u00a0\u00bb1\/2&Prime;][vc_custom_heading text=\u00a0\u00bbPOURQUOI CHOISIR NOTRE ENTREPRISE :\u00a0\u00bb font_container=\u00a0\u00bbtag:h6|text_align:left|color:%23ffffff\u00a0\u00bb use_theme_fonts=\u00a0\u00bbyes\u00a0\u00bb css=\u00a0\u00bb\u00a0\u00bb][vc_column_text css=\u00a0\u00bb\u00a0\u00bb el_class=\u00a0\u00bbtxt_white\u00a0\u00bb]<\/p>\n<ul class=\"ul1\">\n<li class=\"li1\"><b>Bureau d&rsquo;\u00e9tudes innovant<\/b>\u00a0: Utilisation de technologies de pointe pour des solutions personnalis\u00e9es et efficaces.<\/li>\n<li class=\"li1\"><b>Exigence et qualit\u00e9<\/b>\u00a0: Choix rigoureux des mat\u00e9riaux pour garantir la durabilit\u00e9 et l&rsquo;esth\u00e9tique de nos produits.<\/li>\n<li class=\"li1\"><b>Accompagnement sur mesure<\/b>\u00a0: Interlocuteur d\u00e9di\u00e9 pour un suivi personnalis\u00e9 de chaque projet.<\/li>\n<li class=\"li1\"><b>Installation professionnelle<\/b>\u00a0: R\u00e9alisation par nos \u00e9quipes qualifi\u00e9es, assurant une mise en place conforme aux standards de qualit\u00e9.<\/li>\n<li class=\"li1\"><b>Charte qualit\u00e9<\/b>\u00a0: Garantie et service apr\u00e8s-vente pour une tranquillit\u00e9 d&rsquo;esprit assur\u00e9e.<\/li>\n<li class=\"li1\"><b>Meilleur rapport qualit\u00e9-prix<\/b>\u00a0: Engagement \u00e0 offrir des solutions performantes au prix le plus juste.<\/li>\n<\/ul>\n<p>[\/vc_column_text]<div class=\"ult-spacer spacer-69dfdf8575e17\" data-id=\"69dfdf8575e17\" data-height=\"0\" data-height-mobile=\"40\" data-height-tab=\"\" data-height-tab-portrait=\"\" data-height-mobile-landscape=\"40\" style=\"clear:both;display:block;\"><\/div>[\/vc_column][vc_column width=\u00a0\u00bb1\/2&Prime;][vc_custom_heading text=\u00a0\u00bbNOS COMP\u00c9TENCES :\u00a0\u00bb font_container=\u00a0\u00bbtag:h6|text_align:left|color:%23ffffff\u00a0\u00bb use_theme_fonts=\u00a0\u00bbyes\u00a0\u00bb css=\u00a0\u00bb\u00a0\u00bb][vc_empty_space height=\u00a0\u00bb25px\u00a0\u00bb][vc_progress_bar values=\u00a0\u00bb%5B%7B%22label%22%3A%22D%C3%89VELOPPEMENT%22%2C%22value%22%3A%2295%22%7D%2C%7B%22label%22%3A%22CONCEPTION%22%2C%22value%22%3A%2285%22%7D%2C%7B%22label%22%3A%22COMMERCIALISATION%22%2C%22value%22%3A%2270%22%7D%2C%7B%22label%22%3A%22CONSULTANT%22%2C%22value%22%3A%2265%22%7D%5D\u00a0\u00bb bgcolor=\u00a0\u00bbcustom\u00a0\u00bb css=\u00a0\u00bb\u00a0\u00bb custombgcolor=\u00a0\u00bb#ededed\u00a0\u00bb customtxtcolor=\u00a0\u00bb#ffffff\u00a0\u00bb units=\u00a0\u00bb%\u00a0\u00bb]<div class=\"ult-spacer spacer-69dfdf8575e2a\" data-id=\"69dfdf8575e2a\" data-height=\"0\" data-height-mobile=\"40\" data-height-tab=\"\" data-height-tab-portrait=\"\" data-height-mobile-landscape=\"40\" style=\"clear:both;display:block;\"><\/div>[\/vc_column][\/vc_row]<\/p>\n<\/div>","protected":false},"excerpt":{"rendered":"<p>[vc_row css=\u00a0\u00bb.vc_custom_1499011169940{margin-top: 120px !important;margin-bottom: 60px !important;}\u00a0\u00bb el_id=\u00a0\u00bbabout\u00a0\u00bb][vc_column][vc_custom_heading text=\u00a0\u00bb\u00a0\u00bb font_container=\u00a0\u00bbtag:h6|text_align:center|color:%23c1c1c1&Prime; use_theme_fonts=\u00a0\u00bbyes\u00a0\u00bb css=\u00a0\u00bb\u00a0\u00bb][vc_custom_heading text=\u00a0\u00bbBUREAUX\u00a0\u00bb font_container=\u00a0\u00bbtag:h2|font_size:40px|text_align:center\u00a0\u00bb use_theme_fonts=\u00a0\u00bbyes\u00a0\u00bb css=\u00a0\u00bb\u00a0\u00bb][vc_empty_space height=\u00a0\u00bb20px\u00a0\u00bb][vc_empty_space height=\u00a0\u00bb20px\u00a0\u00bb][vc_row_inner][vc_column_inner width=\u00a0\u00bb1\/6&Prime;][\/vc_column_inner][vc_column_inner width=\u00a0\u00bb2\/3&Prime;][vc_column_text css=\u00a0\u00bb\u00a0\u00bb el_class=\u00a0\u00bbtext\u00a0\u00bb] Notre entreprise, sp\u00e9cialis\u00e9e en menuiserie, m\u00e9tallerie et ferronnerie, propose des solutions sur mesure pour l\u2019am\u00e9nagement d\u2019espaces de bureaux et de coworking. Nous intervenons sur tous types de projets, notamment la cr\u00e9ation de cloisons vitr\u00e9es, [&hellip;]<\/p>\n","protected":false},"author":1,"featured_media":0,"parent":0,"menu_order":0,"comment_status":"closed","ping_status":"closed","template":"one-page-template.php","meta":{"_monsterinsights_skip_tracking":false,"_monsterinsights_sitenote_active":false,"_monsterinsights_sitenote_note":"","_monsterinsights_sitenote_category":0,"footnotes":""},"class_list":["post-1062","page","type-page","status-publish","hentry"],"yoast_head":"<!-- This site is optimized with the Yoast SEO plugin v23.0 - https:\/\/yoast.com\/wordpress\/plugins\/seo\/ -->\n<title>BUREAUX - Archi-metal<\/title>\n<meta name=\"description\" content=\"Vous trouverez ici l&#039;ensemble de nos diff\u00e9rentes r\u00e9alisations dans le cadre des enseignes lumineuse en r\u00e9gion parisiennes\" \/>\n<meta name=\"robots\" content=\"index, follow, max-snippet:-1, max-image-preview:large, max-video-preview:-1\" \/>\n<link rel=\"canonical\" href=\"https:\/\/www.archi-metal.com\/index.php\/bureaux\/\" \/>\n<meta property=\"og:locale\" content=\"fr_FR\" \/>\n<meta property=\"og:type\" content=\"article\" \/>\n<meta property=\"og:title\" content=\"BUREAUX - Archi-metal\" \/>\n<meta property=\"og:description\" content=\"Vous trouverez ici l&#039;ensemble de nos diff\u00e9rentes r\u00e9alisations dans le cadre des enseignes lumineuse en r\u00e9gion parisiennes\" \/>\n<meta property=\"og:url\" content=\"https:\/\/www.archi-metal.com\/index.php\/bureaux\/\" \/>\n<meta property=\"og:site_name\" content=\"Archi-metal\" \/>\n<meta property=\"article:modified_time\" content=\"2024-10-14T15:46:21+00:00\" \/>\n<meta name=\"twitter:card\" content=\"summary_large_image\" \/>\n<meta name=\"twitter:label1\" content=\"Dur\u00e9e de lecture estim\u00e9e\" \/>\n\t<meta name=\"twitter:data1\" content=\"2 minutes\" \/>\n<script type=\"application\/ld+json\" class=\"yoast-schema-graph\">{\"@context\":\"https:\/\/schema.org\",\"@graph\":[{\"@type\":\"WebPage\",\"@id\":\"https:\/\/www.archi-metal.com\/index.php\/bureaux\/\",\"url\":\"https:\/\/www.archi-metal.com\/index.php\/bureaux\/\",\"name\":\"BUREAUX - Archi-metal\",\"isPartOf\":{\"@id\":\"https:\/\/www.archi-metal.com\/#website\"},\"datePublished\":\"2024-10-14T13:21:57+00:00\",\"dateModified\":\"2024-10-14T15:46:21+00:00\",\"description\":\"Vous trouverez ici l'ensemble de nos diff\u00e9rentes r\u00e9alisations dans le cadre des enseignes lumineuse en r\u00e9gion parisiennes\",\"breadcrumb\":{\"@id\":\"https:\/\/www.archi-metal.com\/index.php\/bureaux\/#breadcrumb\"},\"inLanguage\":\"fr-FR\",\"potentialAction\":[{\"@type\":\"ReadAction\",\"target\":[\"https:\/\/www.archi-metal.com\/index.php\/bureaux\/\"]}]},{\"@type\":\"BreadcrumbList\",\"@id\":\"https:\/\/www.archi-metal.com\/index.php\/bureaux\/#breadcrumb\",\"itemListElement\":[{\"@type\":\"ListItem\",\"position\":1,\"name\":\"Accueil\",\"item\":\"https:\/\/www.archi-metal.com\/\"},{\"@type\":\"ListItem\",\"position\":2,\"name\":\"BUREAUX\"}]},{\"@type\":\"WebSite\",\"@id\":\"https:\/\/www.archi-metal.com\/#website\",\"url\":\"https:\/\/www.archi-metal.com\/\",\"name\":\"Archi-metal\",\"description\":\"Menuiserie \/ Ferronnerie \/ M\u00e9tallerie \/ Agencement\",\"publisher\":{\"@id\":\"https:\/\/www.archi-metal.com\/#organization\"},\"potentialAction\":[{\"@type\":\"SearchAction\",\"target\":{\"@type\":\"EntryPoint\",\"urlTemplate\":\"https:\/\/www.archi-metal.com\/?s={search_term_string}\"},\"query-input\":\"required name=search_term_string\"}],\"inLanguage\":\"fr-FR\"},{\"@type\":\"Organization\",\"@id\":\"https:\/\/www.archi-metal.com\/#organization\",\"name\":\"Archi-metal\",\"url\":\"https:\/\/www.archi-metal.com\/\",\"logo\":{\"@type\":\"ImageObject\",\"inLanguage\":\"fr-FR\",\"@id\":\"https:\/\/www.archi-metal.com\/#\/schema\/logo\/image\/\",\"url\":\"https:\/\/www.archi-metal.com\/wp-content\/uploads\/2024\/10\/logo-archimetal-noir.png\",\"contentUrl\":\"https:\/\/www.archi-metal.com\/wp-content\/uploads\/2024\/10\/logo-archimetal-noir.png\",\"width\":500,\"height\":201,\"caption\":\"Archi-metal\"},\"image\":{\"@id\":\"https:\/\/www.archi-metal.com\/#\/schema\/logo\/image\/\"}}]}<\/script>\n<!-- \/ Yoast SEO plugin. -->","yoast_head_json":{"title":"BUREAUX - Archi-metal","description":"Vous trouverez ici l'ensemble de nos diff\u00e9rentes r\u00e9alisations dans le cadre des enseignes lumineuse en r\u00e9gion parisiennes","robots":{"index":"index","follow":"follow","max-snippet":"max-snippet:-1","max-image-preview":"max-image-preview:large","max-video-preview":"max-video-preview:-1"},"canonical":"https:\/\/www.archi-metal.com\/index.php\/bureaux\/","og_locale":"fr_FR","og_type":"article","og_title":"BUREAUX - Archi-metal","og_description":"Vous trouverez ici l'ensemble de nos diff\u00e9rentes r\u00e9alisations dans le cadre des enseignes lumineuse en r\u00e9gion parisiennes","og_url":"https:\/\/www.archi-metal.com\/index.php\/bureaux\/","og_site_name":"Archi-metal","article_modified_time":"2024-10-14T15:46:21+00:00","twitter_card":"summary_large_image","twitter_misc":{"Dur\u00e9e de lecture estim\u00e9e":"2 minutes"},"schema":{"@context":"https:\/\/schema.org","@graph":[{"@type":"WebPage","@id":"https:\/\/www.archi-metal.com\/index.php\/bureaux\/","url":"https:\/\/www.archi-metal.com\/index.php\/bureaux\/","name":"BUREAUX - Archi-metal","isPartOf":{"@id":"https:\/\/www.archi-metal.com\/#website"},"datePublished":"2024-10-14T13:21:57+00:00","dateModified":"2024-10-14T15:46:21+00:00","description":"Vous trouverez ici l'ensemble de nos diff\u00e9rentes r\u00e9alisations dans le cadre des enseignes lumineuse en r\u00e9gion parisiennes","breadcrumb":{"@id":"https:\/\/www.archi-metal.com\/index.php\/bureaux\/#breadcrumb"},"inLanguage":"fr-FR","potentialAction":[{"@type":"ReadAction","target":["https:\/\/www.archi-metal.com\/index.php\/bureaux\/"]}]},{"@type":"BreadcrumbList","@id":"https:\/\/www.archi-metal.com\/index.php\/bureaux\/#breadcrumb","itemListElement":[{"@type":"ListItem","position":1,"name":"Accueil","item":"https:\/\/www.archi-metal.com\/"},{"@type":"ListItem","position":2,"name":"BUREAUX"}]},{"@type":"WebSite","@id":"https:\/\/www.archi-metal.com\/#website","url":"https:\/\/www.archi-metal.com\/","name":"Archi-metal","description":"Menuiserie \/ Ferronnerie \/ M\u00e9tallerie \/ Agencement","publisher":{"@id":"https:\/\/www.archi-metal.com\/#organization"},"potentialAction":[{"@type":"SearchAction","target":{"@type":"EntryPoint","urlTemplate":"https:\/\/www.archi-metal.com\/?s={search_term_string}"},"query-input":"required name=search_term_string"}],"inLanguage":"fr-FR"},{"@type":"Organization","@id":"https:\/\/www.archi-metal.com\/#organization","name":"Archi-metal","url":"https:\/\/www.archi-metal.com\/","logo":{"@type":"ImageObject","inLanguage":"fr-FR","@id":"https:\/\/www.archi-metal.com\/#\/schema\/logo\/image\/","url":"https:\/\/www.archi-metal.com\/wp-content\/uploads\/2024\/10\/logo-archimetal-noir.png","contentUrl":"https:\/\/www.archi-metal.com\/wp-content\/uploads\/2024\/10\/logo-archimetal-noir.png","width":500,"height":201,"caption":"Archi-metal"},"image":{"@id":"https:\/\/www.archi-metal.com\/#\/schema\/logo\/image\/"}}]}},"_links":{"self":[{"href":"https:\/\/www.archi-metal.com\/index.php\/wp-json\/wp\/v2\/pages\/1062","targetHints":{"allow":["GET"]}}],"collection":[{"href":"https:\/\/www.archi-metal.com\/index.php\/wp-json\/wp\/v2\/pages"}],"about":[{"href":"https:\/\/www.archi-metal.com\/index.php\/wp-json\/wp\/v2\/types\/page"}],"author":[{"embeddable":true,"href":"https:\/\/www.archi-metal.com\/index.php\/wp-json\/wp\/v2\/users\/1"}],"replies":[{"embeddable":true,"href":"https:\/\/www.archi-metal.com\/index.php\/wp-json\/wp\/v2\/comments?post=1062"}],"version-history":[{"count":4,"href":"https:\/\/www.archi-metal.com\/index.php\/wp-json\/wp\/v2\/pages\/1062\/revisions"}],"predecessor-version":[{"id":1090,"href":"https:\/\/www.archi-metal.com\/index.php\/wp-json\/wp\/v2\/pages\/1062\/revisions\/1090"}],"wp:attachment":[{"href":"https:\/\/www.archi-metal.com\/index.php\/wp-json\/wp\/v2\/media?parent=1062"}],"curies":[{"name":"wp","href":"https:\/\/api.w.org\/{rel}","templated":true}]}}